{"id":36592,"date":"2024-10-21T10:05:35","date_gmt":"2024-10-21T08:05:35","guid":{"rendered":"https:\/\/www.gentianes.ch\/?page_id=36592"},"modified":"2026-03-16T18:59:42","modified_gmt":"2026-03-16T17:59:42","slug":"politique-de-confidentialite","status":"publish","type":"page","link":"https:\/\/www.gentianes.ch\/de\/politique-de-confidentialite\/","title":{"rendered":"Datenschutzerkl\u00e4rung"},"content":{"rendered":"<p>[et_pb_section fb_built=\u00a0\u00bb1&Prime; admin_label=\u00a0\u00bbsection\u00a0\u00bb _builder_version=\u00a0\u00bb4.16&Prime; global_colors_info=\u00a0\u00bb{}\u00a0\u00bb][et_pb_row admin_label=\u00a0\u00bbrow\u00a0\u00bb _builder_version=\u00a0\u00bb4.16&Prime; background_size=\u00a0\u00bbinitial\u00a0\u00bb background_position=\u00a0\u00bbtop_left\u00a0\u00bb background_repeat=\u00a0\u00bbrepeat\u00a0\u00bb global_colors_info=\u00a0\u00bb{}\u00a0\u00bb][et_pb_column type=\u00a0\u00bb4_4&Prime; _builder_version=\u00a0\u00bb4.16&Prime; custom_padding=\u00a0\u00bb|||\u00a0\u00bb global_colors_info=\u00a0\u00bb{}\u00a0\u00bb custom_padding__hover=\u00a0\u00bb|||\u00a0\u00bb][et_pb_text admin_label=\u00a0\u00bbText\u00a0\u00bb _builder_version=\u00a0\u00bb4.16&Prime; background_size=\u00a0\u00bbinitial\u00a0\u00bb background_position=\u00a0\u00bbtop_left\u00a0\u00bb background_repeat=\u00a0\u00bbrepeat\u00a0\u00bb global_colors_info=\u00a0\u00bb{}\u00a0\u00bb]<\/p>\n<p>&nbsp;<\/p>\n<h2>Politique de confidentialit\u00e9<\/h2>\n<p><strong>Date d&rsquo;entr\u00e9e en vigueur :<\/strong> 01.01.2024<\/p>\n<p>Bienvenue sur le site <a rel=\"noopener\" target=\"_new\" href=\"https:\/\/www.gentianes.ch\"><span>www<\/span><span>.gentianes<\/span><span>.ch<\/span><\/a> (ci-apr\u00e8s \u00ab le Site \u00bb). La protection de vos donn\u00e9es personnelles est une priorit\u00e9 pour nous. Cette politique de confidentialit\u00e9 d\u00e9crit la mani\u00e8re dont nous collectons, utilisons et prot\u00e9geons vos donn\u00e9es conform\u00e9ment au <strong>R\u00e8glement G\u00e9n\u00e9ral sur la Protection des Donn\u00e9es (RGPD)<\/strong> de l&rsquo;Union Europ\u00e9enne et \u00e0 la <strong>Loi Suisse sur la Protection des Donn\u00e9es (LPD)<\/strong>.<\/p>\n<h3>1. <strong>Responsable du traitement des donn\u00e9es<\/strong><\/h3>\n<p>Le responsable du traitement des donn\u00e9es est :<br \/>Gentianes Group<br \/>Rue du Praillon 1 <br \/>1920 Martigny<br \/><a href=\"mailto:info@gentianes.ch\">info@gentianes.ch<\/a><\/p>\n<h3>2. <strong>Donn\u00e9es collect\u00e9es<\/strong><\/h3>\n<p>Nous collectons les donn\u00e9es personnelles n\u00e9cessaires pour vous fournir nos services. Ces informations incluent :<\/p>\n<ul>\n<li>\n<p><strong>Donn\u00e9es personnelles fournies par vous<\/strong> : Lorsque vous remplissez des formulaires de contact, vous inscrivez \u00e0 notre newsletter ou passez une commande, nous collectons des informations telles que votre nom, adresse, num\u00e9ro de t\u00e9l\u00e9phone, adresse e-mail, et toute autre donn\u00e9e n\u00e9cessaire \u00e0 l\u2019ex\u00e9cution de nos services.<\/p>\n<\/li>\n<li>\n<p><strong>Donn\u00e9es techniques<\/strong> : Nous collectons automatiquement certaines informations lorsque vous visitez notre Site, telles que votre adresse IP, type de navigateur, informations sur l\u2019appareil utilis\u00e9, et les pages visit\u00e9es.<\/p>\n<\/li>\n<li>\n<p><strong>Cookies<\/strong> : Notre Site utilise des cookies pour am\u00e9liorer votre exp\u00e9rience de navigation. Les cookies sont des fichiers enregistr\u00e9s sur votre appareil, et vous pouvez en refuser l\u2019utilisation en configurant votre navigateur. Pour plus d\u2019informations, veuillez consulter notre <span>politique<\/span><span> de<\/span><span> cookies ci-dessous<\/span>.<\/p>\n<\/li>\n<\/ul>\n<h3>3. <strong>Finalit\u00e9s du traitement des donn\u00e9es<\/strong><\/h3>\n<p>Nous utilisons vos donn\u00e9es pour les finalit\u00e9s suivantes :<\/p>\n<ul>\n<li>Fournir nos services et traiter vos commandes.<\/li>\n<li>G\u00e9rer les relations clients, r\u00e9pondre \u00e0 vos demandes via le formulaire de contact.<\/li>\n<li><strong>Analyser l\u2019utilisation du Site<\/strong> via des outils tels que <strong>Google Analytics<\/strong> (voir section 8 pour plus de d\u00e9tails).<\/li>\n<li>Am\u00e9liorer notre Site et ses fonctionnalit\u00e9s en analysant les donn\u00e9es de navigation.<\/li>\n<li>Se conformer \u00e0 nos obligations l\u00e9gales et r\u00e9glementaires.<\/li>\n<\/ul>\n<h3>4. <strong>Base l\u00e9gale du traitement<\/strong><\/h3>\n<p>Conform\u00e9ment au RGPD et \u00e0 la LPD, les traitements que nous r\u00e9alisons reposent sur l\u2019une des bases l\u00e9gales suivantes :<\/p>\n<ul>\n<li><strong>Ex\u00e9cution d&rsquo;un contrat<\/strong> : Lorsque le traitement est n\u00e9cessaire \u00e0 l&rsquo;ex\u00e9cution d&rsquo;un contrat ou pour prendre des mesures pr\u00e9contractuelles.<\/li>\n<li><strong>Consentement<\/strong> : Pour certaines op\u00e9rations telles que l&rsquo;envoi de newsletters ou l&rsquo;utilisation de cookies analytiques, nous collectons votre consentement explicite.<\/li>\n<li><strong>Obligation l\u00e9gale<\/strong> : Lorsque nous sommes tenus de traiter vos donn\u00e9es pour respecter une obligation l\u00e9gale.<\/li>\n<\/ul>\n<h3>5. <strong>Partage de vos donn\u00e9es<\/strong><\/h3>\n<p>Nous ne partageons vos donn\u00e9es personnelles qu\u2019avec des tiers dans les cas suivants :<\/p>\n<ul>\n<li>\n<p><strong>Prestataires de services<\/strong> : Nous pouvons partager vos donn\u00e9es avec des prestataires de services (ex : services de livraison, h\u00e9bergement web) afin de r\u00e9aliser les services demand\u00e9s.<\/p>\n<\/li>\n<li>\n<p><strong>Obligations l\u00e9gales<\/strong> : Nous pouvons divulguer vos informations si la loi l\u2019exige, par exemple dans le cadre d\u2019une enqu\u00eate judiciaire.<\/p>\n<\/li>\n<\/ul>\n<h3>6. <strong>Transfert de donn\u00e9es \u00e0 l&rsquo;\u00e9tranger<\/strong><\/h3>\n<p>Vos donn\u00e9es personnelles peuvent \u00eatre transf\u00e9r\u00e9es en dehors de la Suisse ou de l&rsquo;Union Europ\u00e9enne, notamment dans des pays tiers qui n\u2019offrent pas un niveau de protection des donn\u00e9es \u00e9quivalent. Dans ce cas, nous veillons \u00e0 ce que des garanties appropri\u00e9es soient en place, telles que les <strong>Clauses contractuelles types<\/strong> approuv\u00e9es par la Commission Europ\u00e9enne, ou en nous assurant que le destinataire est conforme au <strong>Swiss-U.S. Privacy Shield<\/strong>.<\/p>\n<h3>7. <strong>Dur\u00e9e de conservation des donn\u00e9es<\/strong><\/h3>\n<p>Nous conservons vos donn\u00e9es personnelles uniquement pendant la dur\u00e9e n\u00e9cessaire aux finalit\u00e9s pour lesquelles elles ont \u00e9t\u00e9 collect\u00e9es ou pour nous conformer \u00e0 nos obligations l\u00e9gales.<\/p>\n<ul>\n<li>Les donn\u00e9es li\u00e9es \u00e0 vos commandes sont conserv\u00e9es pendant la dur\u00e9e requise par la l\u00e9gislation fiscale et comptable.<\/li>\n<li>Les donn\u00e9es utilis\u00e9es \u00e0 des fins marketing sont conserv\u00e9es jusqu\u2019\u00e0 ce que vous retiriez votre consentement.<\/li>\n<\/ul>\n<h3>8. <strong>Politique relative aux cookies<\/strong><\/h3>\n<p>Un <strong>cookie<\/strong> est un petit fichier texte d\u00e9pos\u00e9 sur votre appareil (ordinateur, tablette, smartphone) lors de la consultation d\u2019un site internet. Les cookies permettent de reconna\u00eetre votre appareil lors de vos visites successives et d&rsquo;am\u00e9liorer votre exp\u00e9rience sur le Site. Nous utilisons les types de cookies suivants :<\/p>\n<ul>\n<li><strong>Cookies strictement n\u00e9cessaires<\/strong> : Ces cookies sont indispensables pour le bon fonctionnement du Site et vous permettent d&rsquo;utiliser ses principales fonctionnalit\u00e9s.<\/li>\n<li><strong>Cookies de performance et d\u2019analyse<\/strong> : Ces cookies nous aident \u00e0 analyser la mani\u00e8re dont les visiteurs utilisent notre Site, afin d&rsquo;am\u00e9liorer son fonctionnement. Nous utilisons notamment <strong>Google Analytics<\/strong> pour comprendre comment les utilisateurs naviguent sur notre Site, quelles pages sont visit\u00e9es et d&rsquo;autres informations de performance. Google Analytics collecte des donn\u00e9es anonymes telles que les pages visit\u00e9es, l\u2019adresse IP (anonymis\u00e9e), le type de navigateur, et la dur\u00e9e de la visite. Ces informations nous permettent d&rsquo;am\u00e9liorer votre exp\u00e9rience en ligne. Vous pouvez choisir de refuser les cookies li\u00e9s \u00e0 Google Analytics en utilisant les options de gestion des cookies sur notre Site ou en installant le module compl\u00e9mentaire de navigateur pour la d\u00e9sactivation de Google Analytics disponible <a rel=\"noopener\" target=\"_new\"><span>ici<\/span><\/a>.<\/li>\n<li><strong>Cookies fonctionnels<\/strong> : Ces cookies permettent de personnaliser votre exp\u00e9rience sur le Site en m\u00e9morisant vos pr\u00e9f\u00e9rences.<\/li>\n<li><strong>Cookies publicitaires<\/strong> : Nous utilisons ces cookies pour afficher des publicit\u00e9s adapt\u00e9es \u00e0 vos centres d\u2019int\u00e9r\u00eat sur notre Site ou des sites tiers.<\/li>\n<\/ul>\n<h4>Gestion des cookies<\/h4>\n<p>Lors de votre premi\u00e8re visite sur le Site, vous avez la possibilit\u00e9 d&rsquo;accepter ou de refuser l&rsquo;utilisation de cookies non essentiels via une banni\u00e8re de consentement. Vous pouvez \u00e0 tout moment g\u00e9rer vos pr\u00e9f\u00e9rences relatives aux cookies en param\u00e9trant votre navigateur ou en acc\u00e9dant \u00e0 la section \u00ab Param\u00e8tres des cookies \u00bb en bas de page.<\/p>\n<h3>9. <strong>Politique de consentement<\/strong><\/h3>\n<p>Conform\u00e9ment aux dispositions du RGPD et de la LPD, votre consentement est n\u00e9cessaire pour certaines activit\u00e9s de traitement de donn\u00e9es, en particulier :<\/p>\n<ul>\n<li>\n<p><strong>Newsletter et communications commerciales<\/strong> : Nous ne vous enverrons des newsletters ou des communications commerciales que si vous y avez consenti express\u00e9ment lors de votre inscription ou en remplissant un formulaire de contact. Vous pouvez \u00e0 tout moment retirer votre consentement en cliquant sur le lien de d\u00e9sabonnement dans nos e-mails ou en nous contactant directement \u00e0 <a href=\"mailto:info@gentianes.ch\">info@gentianes.ch<\/a>.<\/p>\n<\/li>\n<li>\n<p><strong>Utilisation des cookies non essentiels<\/strong> : Les cookies analytiques et publicitaires ne seront activ\u00e9s que si vous donnez votre consentement lors de votre premi\u00e8re visite sur le Site via la banni\u00e8re de consentement. Vous pouvez \u00e0 tout moment ajuster vos pr\u00e9f\u00e9rences via la section \u00ab Param\u00e8tres des cookies \u00bb.<\/p>\n<\/li>\n<\/ul>\n<p>En l\u2019absence de consentement explicite, nous n&rsquo;utiliserons vos donn\u00e9es personnelles que dans les conditions pr\u00e9vues par la loi, pour l&rsquo;ex\u00e9cution d&rsquo;un contrat ou en vertu d&rsquo;une obligation l\u00e9gale.<\/p>\n<h3>10. <strong>Vos droits<\/strong><\/h3>\n<p>En vertu du RGPD et de la LPD, vous disposez des droits suivants :<\/p>\n<ul>\n<li><strong>Droit d&rsquo;acc\u00e8s<\/strong> : Vous avez le droit de demander une copie des donn\u00e9es personnelles que nous d\u00e9tenons sur vous.<\/li>\n<li><strong>Droit de rectification<\/strong> : Vous pouvez demander la correction de vos donn\u00e9es si elles sont inexactes ou incompl\u00e8tes.<\/li>\n<li><strong>Droit de suppression<\/strong> : Vous pouvez demander la suppression de vos donn\u00e9es sous certaines conditions, notamment si celles-ci ne sont plus n\u00e9cessaires aux fins pour lesquelles elles ont \u00e9t\u00e9 collect\u00e9es.<\/li>\n<li><strong>Droit \u00e0 la portabilit\u00e9 des donn\u00e9es<\/strong> : Vous avez le droit de demander le transfert de vos donn\u00e9es vers un autre prestataire de services.<\/li>\n<li><strong>Droit de retrait du consentement<\/strong> : Si le traitement de vos donn\u00e9es repose sur votre consentement, vous pouvez le retirer \u00e0 tout moment.<\/li>\n<\/ul>\n<p>Pour exercer ces droits, veuillez nous contacter \u00e0 l&rsquo;adresse suivante : <a href=\"mailto:info@gentianes.ch\">info@gentianes.ch<\/a>.<\/p>\n<h3>11. <strong>S\u00e9curit\u00e9 des donn\u00e9es<\/strong><\/h3>\n<p>Nous mettons en \u0153uvre des mesures techniques et organisationnelles appropri\u00e9es pour prot\u00e9ger vos donn\u00e9es contre tout acc\u00e8s non autoris\u00e9, perte ou divulgation.<\/p>\n<h3>12. <strong>Modifications de la politique de confidentialit\u00e9<\/strong><\/h3>\n<p>Nous nous r\u00e9servons le droit de modifier cette politique de confidentialit\u00e9 \u00e0 tout moment. Toute modification sera publi\u00e9e sur cette page et, si n\u00e9cessaire, vous en serez inform\u00e9 par e-mail ou via une notification sur notre Site.<\/p>\n<h3>13. <strong>Contact<\/strong><\/h3>\n<p>Si vous avez des questions ou des pr\u00e9occupations concernant cette politique de confidentialit\u00e9 ou sur la mani\u00e8re dont vos donn\u00e9es sont trait\u00e9es, vous pouvez nous contacter \u00e0 l&rsquo;adresse suivante :<\/p>\n<p>Gentianes Group\u00a0<br \/>Rue du Praillon 1<br \/>1920 Martigny<br \/><a href=\"mailto:info@gentianes.ch\">info@gentianes.ch<\/a><\/p>\n<p>&nbsp;<\/p>\n<p>[\/et_pb_text][\/et_pb_column][\/et_pb_row][\/et_pb_section]<\/p>\n","protected":false},"excerpt":{"rendered":"<p>&nbsp; Politique de confidentialit\u00e9 Date d&rsquo;entr\u00e9e en vigueur : 01.01.2024 Bienvenue sur le site www.gentianes.ch (ci-apr\u00e8s \u00ab le Site \u00bb). La protection de vos donn\u00e9es personnelles est une priorit\u00e9 pour nous. Cette politique de confidentialit\u00e9 d\u00e9crit la mani\u00e8re dont nous collectons, utilisons et prot\u00e9geons vos donn\u00e9es conform\u00e9ment au R\u00e8glement G\u00e9n\u00e9ral sur la Protection des Donn\u00e9es [&hellip;]<\/p>\n","protected":false},"author":1,"featured_media":0,"parent":0,"menu_order":0,"comment_status":"closed","ping_status":"closed","template":"","meta":{"_et_pb_use_builder":"on","_et_pb_old_content":"<!-- wp:heading -->\n<h2 class=\"wp-block-heading\">Qui sommes-nous\u00a0?<\/h2>\n<!-- \/wp:heading -->\n<!-- wp:paragraph -->\n<p><strong class=\"privacy-policy-tutorial\">Texte sugg\u00e9r\u00e9\u00a0: <\/strong>L\u2019adresse de notre site est\u00a0: https:\/\/www.gentianes.ch.<\/p>\n<!-- \/wp:paragraph -->\n<!-- wp:heading -->\n<h2 class=\"wp-block-heading\">Commentaires<\/h2>\n<!-- \/wp:heading -->\n<!-- wp:paragraph -->\n<p><strong class=\"privacy-policy-tutorial\">Texte sugg\u00e9r\u00e9\u00a0: <\/strong>Quand vous laissez un commentaire sur notre site, les donn\u00e9es inscrites dans le formulaire de commentaire, ainsi que votre adresse IP et l\u2019agent utilisateur de votre navigateur sont collect\u00e9s pour nous aider \u00e0 la d\u00e9tection des commentaires ind\u00e9sirables.<\/p>\n<!-- \/wp:paragraph -->\n<!-- wp:paragraph -->\n<p>Une cha\u00eene anonymis\u00e9e cr\u00e9\u00e9e \u00e0 partir de votre adresse e-mail (\u00e9galement appel\u00e9e hash) peut \u00eatre envoy\u00e9e au service Gravatar pour v\u00e9rifier si vous utilisez ce dernier. Les clauses de confidentialit\u00e9 du service Gravatar sont disponibles ici\u00a0: https:\/\/automattic.com\/privacy\/. Apr\u00e8s validation de votre commentaire, votre photo de profil sera visible publiquement \u00e0 cot\u00e9 de votre commentaire.<\/p>\n<!-- \/wp:paragraph -->\n<!-- wp:heading -->\n<h2 class=\"wp-block-heading\">M\u00e9dias<\/h2>\n<!-- \/wp:heading -->\n<!-- wp:paragraph -->\n<p><strong class=\"privacy-policy-tutorial\">Texte sugg\u00e9r\u00e9\u00a0: <\/strong>Si vous t\u00e9l\u00e9versez des images sur le site, nous vous conseillons d\u2019\u00e9viter de t\u00e9l\u00e9verser des images contenant des donn\u00e9es EXIF de coordonn\u00e9es GPS. Les personnes visitant votre site peuvent t\u00e9l\u00e9charger et extraire des donn\u00e9es de localisation depuis ces images.<\/p>\n<!-- \/wp:paragraph -->\n<!-- wp:heading -->\n<h2 class=\"wp-block-heading\">Cookies<\/h2>\n<!-- \/wp:heading -->\n<!-- wp:paragraph -->\n<p><strong class=\"privacy-policy-tutorial\">Texte sugg\u00e9r\u00e9\u00a0: <\/strong>Si vous d\u00e9posez un commentaire sur notre site, il vous sera propos\u00e9 d\u2019enregistrer votre nom, adresse e-mail et site dans des cookies. C\u2019est uniquement pour votre confort afin de ne pas avoir \u00e0 saisir ces informations si vous d\u00e9posez un autre commentaire plus tard. Ces cookies expirent au bout d\u2019un an.<\/p>\n<!-- \/wp:paragraph -->\n<!-- wp:paragraph -->\n<p>Si vous vous rendez sur la page de connexion, un cookie temporaire sera cr\u00e9\u00e9 afin de d\u00e9terminer si votre navigateur accepte les cookies. Il ne contient pas de donn\u00e9es personnelles et sera supprim\u00e9 automatiquement \u00e0 la fermeture de votre navigateur.<\/p>\n<!-- \/wp:paragraph -->\n<!-- wp:paragraph -->\n<p>Lorsque vous vous connecterez, nous mettrons en place un certain nombre de cookies pour enregistrer vos informations de connexion et vos pr\u00e9f\u00e9rences d\u2019\u00e9cran. La dur\u00e9e de vie d\u2019un cookie de connexion est de deux jours, celle d\u2019un cookie d\u2019option d\u2019\u00e9cran est d\u2019un an. Si vous cochez \u00ab\u00a0Se souvenir de moi\u00a0\u00bb, votre cookie de connexion sera conserv\u00e9 pendant deux semaines. Si vous vous d\u00e9connectez de votre compte, le cookie de connexion sera effac\u00e9.<\/p>\n<!-- \/wp:paragraph -->\n<!-- wp:paragraph -->\n<p>En modifiant ou en publiant une publication, un cookie suppl\u00e9mentaire sera enregistr\u00e9 dans votre navigateur. Ce cookie ne comprend aucune donn\u00e9e personnelle. Il indique simplement l\u2019ID de la publication que vous venez de modifier. Il expire au bout d\u2019un jour.<\/p>\n<!-- \/wp:paragraph -->\n<!-- wp:heading -->\n<h2 class=\"wp-block-heading\">Contenu embarqu\u00e9 depuis d\u2019autres sites<\/h2>\n<!-- \/wp:heading -->\n<!-- wp:paragraph -->\n<p><strong class=\"privacy-policy-tutorial\">Texte sugg\u00e9r\u00e9\u00a0: <\/strong>Les articles de ce site peuvent inclure des contenus int\u00e9gr\u00e9s (par exemple des vid\u00e9os, images, articles\u2026). Le contenu int\u00e9gr\u00e9 depuis d\u2019autres sites se comporte de la m\u00eame mani\u00e8re que si le visiteur se rendait sur cet autre site.<\/p>\n<!-- \/wp:paragraph -->\n<!-- wp:paragraph -->\n<p>Ces sites web pourraient collecter des donn\u00e9es sur vous, utiliser des cookies, embarquer des outils de suivis tiers, suivre vos interactions avec ces contenus embarqu\u00e9s si vous disposez d\u2019un compte connect\u00e9 sur leur site web.<\/p>\n<!-- \/wp:paragraph -->\n<!-- wp:heading -->\n<h2 class=\"wp-block-heading\">Utilisation et transmission de vos donn\u00e9es personnelles<\/h2>\n<!-- \/wp:heading -->\n<!-- wp:paragraph -->\n<p><strong class=\"privacy-policy-tutorial\">Texte sugg\u00e9r\u00e9\u00a0: <\/strong>Si vous demandez une r\u00e9initialisation de votre mot de passe, votre adresse IP sera incluse dans l\u2019e-mail de r\u00e9initialisation.<\/p>\n<!-- \/wp:paragraph -->\n<!-- wp:heading -->\n<h2 class=\"wp-block-heading\">Dur\u00e9es de stockage de vos donn\u00e9es<\/h2>\n<!-- \/wp:heading -->\n<!-- wp:paragraph -->\n<p><strong class=\"privacy-policy-tutorial\">Texte sugg\u00e9r\u00e9\u00a0: <\/strong>Si vous laissez un commentaire, le commentaire et ses m\u00e9tadonn\u00e9es sont conserv\u00e9s ind\u00e9finiment. Cela permet de reconna\u00eetre et approuver automatiquement les commentaires suivants au lieu de les laisser dans la file de mod\u00e9ration.<\/p>\n<!-- \/wp:paragraph -->\n<!-- wp:paragraph -->\n<p>Pour les comptes qui s\u2019inscrivent sur notre site (le cas \u00e9ch\u00e9ant), nous stockons \u00e9galement les donn\u00e9es personnelles indiqu\u00e9es dans leur profil. Tous les comptes peuvent voir, modifier ou supprimer leurs informations personnelles \u00e0 tout moment (\u00e0 l\u2019exception de leur identifiant). Les gestionnaires du site peuvent aussi voir et modifier ces informations.<\/p>\n<!-- \/wp:paragraph -->\n<!-- wp:heading -->\n<h2 class=\"wp-block-heading\">Les droits que vous avez sur vos donn\u00e9es<\/h2>\n<!-- \/wp:heading -->\n<!-- wp:paragraph -->\n<p><strong class=\"privacy-policy-tutorial\">Texte sugg\u00e9r\u00e9\u00a0: <\/strong>Si vous avez un compte ou si vous avez laiss\u00e9 des commentaires sur le site, vous pouvez demander \u00e0 recevoir un fichier contenant toutes les donn\u00e9es personnelles que nous poss\u00e9dons \u00e0 votre sujet, incluant celles que vous nous avez fournies. Vous pouvez \u00e9galement demander la suppression des donn\u00e9es personnelles vous concernant. Cela ne prend pas en compte les donn\u00e9es stock\u00e9es \u00e0 des fins administratives, l\u00e9gales ou pour des raisons de s\u00e9curit\u00e9.<\/p>\n<!-- \/wp:paragraph -->\n<!-- wp:heading -->\n<h2 class=\"wp-block-heading\">O\u00f9 vos donn\u00e9es sont envoy\u00e9es<\/h2>\n<!-- \/wp:heading -->\n<!-- wp:paragraph -->\n<p><strong class=\"privacy-policy-tutorial\">Texte sugg\u00e9r\u00e9\u00a0: <\/strong>Les commentaires des visiteurs peuvent \u00eatre v\u00e9rifi\u00e9s \u00e0 l\u2019aide d\u2019un service automatis\u00e9 de d\u00e9tection des commentaires ind\u00e9sirables.<\/p>\n<!-- \/wp:paragraph -->\n","_et_gb_content_width":"","inline_featured_image":false,"footnotes":""},"class_list":["post-36592","page","type-page","status-publish","hentry"],"aioseo_notices":[],"_links":{"self":[{"href":"https:\/\/www.gentianes.ch\/de\/wp-json\/wp\/v2\/pages\/36592","targetHints":{"allow":["GET"]}}],"collection":[{"href":"https:\/\/www.gentianes.ch\/de\/wp-json\/wp\/v2\/pages"}],"about":[{"href":"https:\/\/www.gentianes.ch\/de\/wp-json\/wp\/v2\/types\/page"}],"author":[{"embeddable":true,"href":"https:\/\/www.gentianes.ch\/de\/wp-json\/wp\/v2\/users\/1"}],"replies":[{"embeddable":true,"href":"https:\/\/www.gentianes.ch\/de\/wp-json\/wp\/v2\/comments?post=36592"}],"version-history":[{"count":0,"href":"https:\/\/www.gentianes.ch\/de\/wp-json\/wp\/v2\/pages\/36592\/revisions"}],"wp:attachment":[{"href":"https:\/\/www.gentianes.ch\/de\/wp-json\/wp\/v2\/media?parent=36592"}],"curies":[{"name":"wp","href":"https:\/\/api.w.org\/{rel}","templated":true}]}}