{"id":38540,"date":"2025-11-03T13:33:59","date_gmt":"2025-11-03T12:33:59","guid":{"rendered":"https:\/\/www.gentianes.ch\/?page_id=38540"},"modified":"2025-11-04T17:22:58","modified_gmt":"2025-11-04T16:22:58","slug":"blog","status":"publish","type":"page","link":"https:\/\/www.gentianes.ch\/de\/blog\/","title":{"rendered":"Blog"},"content":{"rendered":"<p>[et_pb_section fb_built=\u00a0\u00bb1&Prime; _builder_version=\u00a0\u00bb4.25.1&Prime; _module_preset=\u00a0\u00bbdefault\u00a0\u00bb background_color=\u00a0\u00bb#f7eee2&Prime; background_image=\u00a0\u00bbhttps:\/\/www.gentianes.ch\/wp-content\/uploads\/2024\/05\/solutions-2-1.png\u00a0\u00bb background_size=\u00a0\u00bbcontain\u00a0\u00bb background_position=\u00a0\u00bbcenter_right\u00a0\u00bb custom_margin=\u00a0\u00bb0px||0px||false|false\u00a0\u00bb custom_padding=\u00a0\u00bb40px|30px|40px|30px|false|false\u00a0\u00bb background_last_edited=\u00a0\u00bbon|phone\u00a0\u00bb background_enable_image_tablet=\u00a0\u00bboff\u00a0\u00bb background_position_tablet=\u00a0\u00bbbottom_center\u00a0\u00bb background_enable_mask_style_tablet=\u00a0\u00bboff\u00a0\u00bb global_colors_info=\u00a0\u00bb{}\u00a0\u00bb][et_pb_row column_structure=\u00a0\u00bb1_2,1_2&Prime; _builder_version=\u00a0\u00bb4.27.4&Prime; _module_preset=\u00a0\u00bbdefault\u00a0\u00bb width=\u00a0\u00bb100%\u00a0\u00bb max_width=\u00a0\u00bb2400px\u00a0\u00bb custom_margin=\u00a0\u00bb0px|auto|0px|-2px|false|false\u00a0\u00bb custom_padding=\u00a0\u00bb0px||0px||false|false\u00a0\u00bb global_colors_info=\u00a0\u00bb{}\u00a0\u00bb][et_pb_column type=\u00a0\u00bb1_2&Prime; _builder_version=\u00a0\u00bb4.24.2&Prime; _module_preset=\u00a0\u00bbdefault\u00a0\u00bb global_colors_info=\u00a0\u00bb{}\u00a0\u00bb][et_pb_text _builder_version=\u00a0\u00bb4.27.0&Prime; _module_preset=\u00a0\u00bbdefault\u00a0\u00bb text_font=\u00a0\u00bbg-type-houschka-roun||||||||\u00a0\u00bb text_text_color=\u00a0\u00bb#1a2841&Prime; text_font_size=\u00a0\u00bb20px\u00a0\u00bb text_line_height=\u00a0\u00bb2.5em\u00a0\u00bb header_font=\u00a0\u00bbg-type-houschka-roun|700|||||||\u00a0\u00bb header_text_color=\u00a0\u00bb#df585d\u00a0\u00bb header_line_height=\u00a0\u00bb2.5em\u00a0\u00bb header_2_font=\u00a0\u00bbg-type-houschka-roun|700|||||||\u00a0\u00bb header_2_text_color=\u00a0\u00bb#1a2841&Prime; header_2_font_size=\u00a0\u00bb31px\u00a0\u00bb custom_padding=\u00a0\u00bb||0px|||\u00a0\u00bb text_font_size_tablet=\u00a0\u00bb20px\u00a0\u00bb text_font_size_phone=\u00a0\u00bb18px\u00a0\u00bb text_font_size_last_edited=\u00a0\u00bbon|phone\u00a0\u00bb header_font_size_tablet=\u00a0\u00bb\u00a0\u00bb header_font_size_phone=\u00a0\u00bb24px\u00a0\u00bb header_font_size_last_edited=\u00a0\u00bbon|phone\u00a0\u00bb header_2_font_size_tablet=\u00a0\u00bb31px\u00a0\u00bb header_2_font_size_phone=\u00a0\u00bb18px\u00a0\u00bb header_2_font_size_last_edited=\u00a0\u00bbon|phone\u00a0\u00bb global_colors_info=\u00a0\u00bb{}\u00a0\u00bb]<\/p>\n<h1>Blog \/ Journal<\/h1>\n<h3>Bienvenue sur le blog Gentianes !<\/h3>\n<h4><br data-start=\"504\" data-end=\"507\" \/>Ici, nous partageons nos actualit\u00e9s et nos conseils autour de la t\u00e9l\u00e9alarme, de la s\u00e9curit\u00e9 \u00e0 domicile et de tout ce qui concerne l\u2019aide \u00e0 la personne.<br data-start=\"365\" data-end=\"368\" \/>Notre mission : vous informer et vous accompagner pour vivre en toute s\u00e9r\u00e9nit\u00e9, o\u00f9 que vous soyez.<\/h4>\n<p>[\/et_pb_text][\/et_pb_column][et_pb_column type=\u00a0\u00bb1_2&Prime; _builder_version=\u00a0\u00bb4.24.2&Prime; _module_preset=\u00a0\u00bbdefault\u00a0\u00bb global_colors_info=\u00a0\u00bb{}\u00a0\u00bb][\/et_pb_column][\/et_pb_row][\/et_pb_section][et_pb_section fb_built=\u00a0\u00bb1&Prime; _builder_version=\u00a0\u00bb4.27.4&Prime; _module_preset=\u00a0\u00bbdefault\u00a0\u00bb global_colors_info=\u00a0\u00bb{}\u00a0\u00bb][et_pb_row column_structure=\u00a0\u00bb1_3,1_3,1_3&Prime; _builder_version=\u00a0\u00bb4.27.4&Prime; _module_preset=\u00a0\u00bbdefault\u00a0\u00bb position_origin_a_tablet=\u00a0\u00bb\u00a0\u00bb position_origin_a_phone=\u00a0\u00bb\u00a0\u00bb position_origin_a_last_edited=\u00a0\u00bbon|desktop\u00a0\u00bb position_origin_f_tablet=\u00a0\u00bb\u00a0\u00bb position_origin_f_phone=\u00a0\u00bb\u00a0\u00bb position_origin_f_last_edited=\u00a0\u00bbon|desktop\u00a0\u00bb position_origin_r_tablet=\u00a0\u00bb\u00a0\u00bb position_origin_r_phone=\u00a0\u00bb\u00a0\u00bb position_origin_r_last_edited=\u00a0\u00bbon|desktop\u00a0\u00bb width=\u00a0\u00bb100%\u00a0\u00bb max_width=\u00a0\u00bb1400px\u00a0\u00bb positioning_tablet=\u00a0\u00bb\u00a0\u00bb positioning_phone=\u00a0\u00bb\u00a0\u00bb positioning_last_edited=\u00a0\u00bbon|desktop\u00a0\u00bb global_colors_info=\u00a0\u00bb{}\u00a0\u00bb][et_pb_column type=\u00a0\u00bb1_3&Prime; _builder_version=\u00a0\u00bb4.27.4&Prime; _module_preset=\u00a0\u00bbdefault\u00a0\u00bb global_colors_info=\u00a0\u00bb{}\u00a0\u00bb][et_pb_image src=\u00a0\u00bbhttps:\/\/www.gentianes.ch\/wp-content\/uploads\/2025\/11\/251020_PA_Bannieres_Web_Carte_Urgence_2-scaled-1.webp\u00a0\u00bb title_text=\u00a0\u00bb251020_PA_Bannieres_Web_Carte_Urgence_2-scaled\u00a0\u00bb url=\u00a0\u00bbhttps:\/\/www.gentianes.ch\/carte-durgence-pour-proches-aidants-valaisans-un-geste-qui-protege\/\u00a0\u00bb show_bottom_space=\u00a0\u00bboff\u00a0\u00bb _builder_version=\u00a0\u00bb4.27.4&Prime; _module_preset=\u00a0\u00bbdefault\u00a0\u00bb custom_margin=\u00a0\u00bb||15px||false|false\u00a0\u00bb global_colors_info=\u00a0\u00bb{}\u00a0\u00bb][\/et_pb_image][et_pb_text _builder_version=\u00a0\u00bb4.27.4&Prime; _module_preset=\u00a0\u00bbdefault\u00a0\u00bb link_option_url=\u00a0\u00bbhttps:\/\/www.gentianes.ch\/carte-durgence-pour-proches-aidants-valaisans-un-geste-qui-protege\/\u00a0\u00bb global_colors_info=\u00a0\u00bb{}\u00a0\u00bb]<\/p>\n<h3 style=\"text-align: center;\">L\u2019Association des proches-aidants valais lance une carte d\u2019urgence pour assurer la s\u00e9curit\u00e9 et la continuit\u00e9 des soins en cas d\u2019impr\u00e9vu<\/h3>\n<p>[\/et_pb_text][et_pb_button button_url=\u00a0\u00bbhttps:\/\/www.gentianes.ch\/carte-durgence-pour-proches-aidants-valaisans-un-geste-qui-protege\/\u00a0\u00bb button_text=\u00a0\u00bbLire cet article\u00a0\u00bb button_alignment=\u00a0\u00bbcenter\u00a0\u00bb _builder_version=\u00a0\u00bb4.27.4&Prime; _module_preset=\u00a0\u00bbdefault\u00a0\u00bb custom_button=\u00a0\u00bbon\u00a0\u00bb button_text_color=\u00a0\u00bb#1a2841&Prime; button_bg_color=\u00a0\u00bb#f7eee2&Prime; button_border_color=\u00a0\u00bbRGBA(255,255,255,0)\u00a0\u00bb button_border_radius=\u00a0\u00bb100px\u00a0\u00bb button_icon=\u00a0\u00bb&#xf1ea;||fa||400&Prime; animation_style=\u00a0\u00bbzoom\u00a0\u00bb global_colors_info=\u00a0\u00bb{}\u00a0\u00bb][\/et_pb_button][\/et_pb_column][et_pb_column type=\u00a0\u00bb1_3&Prime; _builder_version=\u00a0\u00bb4.27.4&Prime; _module_preset=\u00a0\u00bbdefault\u00a0\u00bb global_colors_info=\u00a0\u00bb{}\u00a0\u00bb][et_pb_image src=\u00a0\u00bbhttps:\/\/www.gentianes.ch\/wp-content\/uploads\/2025\/11\/stop-3g.webp\u00a0\u00bb title_text=\u00a0\u00bbstop 3g\u00a0\u00bb _builder_version=\u00a0\u00bb4.27.4&Prime; _module_preset=\u00a0\u00bbdefault\u00a0\u00bb custom_margin=\u00a0\u00bb||10px|||\u00a0\u00bb hover_enabled=\u00a0\u00bb0&Prime; global_colors_info=\u00a0\u00bb{}\u00a0\u00bb url=\u00a0\u00bbhttps:\/\/www.gentianes.ch\/fin-du-reseau-3g-ce-que-les-clients-gentianes-doivent-savoir\/\u00a0\u00bb sticky_enabled=\u00a0\u00bb0&Prime;][\/et_pb_image][et_pb_text _builder_version=\u00a0\u00bb4.27.4&Prime; _module_preset=\u00a0\u00bbdefault\u00a0\u00bb global_colors_info=\u00a0\u00bb{}\u00a0\u00bb]<\/p>\n<h3 style=\"text-align: center;\">Swisscom mettra fin \u00e0 son r\u00e9seau 3G fin 2025. Gentianes Group accompagne ses clients pour assurer la continuit\u00e9 du service de t\u00e9l\u00e9alarme avec des appareils compatibles 4G.<\/h3>\n<p>[\/et_pb_text][et_pb_button button_url=\u00a0\u00bbhttps:\/\/www.gentianes.ch\/fin-du-reseau-3g-ce-que-les-clients-gentianes-doivent-savoir\/\u00a0\u00bb button_text=\u00a0\u00bbLire cet article\u00a0\u00bb button_alignment=\u00a0\u00bbcenter\u00a0\u00bb _builder_version=\u00a0\u00bb4.27.4&Prime; _module_preset=\u00a0\u00bbdefault\u00a0\u00bb custom_button=\u00a0\u00bbon\u00a0\u00bb button_text_color=\u00a0\u00bb#1a2841&Prime; button_bg_color=\u00a0\u00bb#f7eee2&Prime; button_border_color=\u00a0\u00bbRGBA(255,255,255,0)\u00a0\u00bb button_border_radius=\u00a0\u00bb100px\u00a0\u00bb button_icon=\u00a0\u00bb&#xf1ea;||fa||400&Prime; animation_style=\u00a0\u00bbzoom\u00a0\u00bb hover_enabled=\u00a0\u00bb0&Prime; global_colors_info=\u00a0\u00bb{}\u00a0\u00bb sticky_enabled=\u00a0\u00bb0&Prime;][\/et_pb_button][\/et_pb_column][et_pb_column type=\u00a0\u00bb1_3&Prime; _builder_version=\u00a0\u00bb4.27.4&Prime; _module_preset=\u00a0\u00bbdefault\u00a0\u00bb global_colors_info=\u00a0\u00bb{}\u00a0\u00bb][\/et_pb_column][\/et_pb_row][\/et_pb_section]<\/p>\n","protected":false},"excerpt":{"rendered":"<p>Blog \/ Journal Bienvenue sur le blog Gentianes ! Ici, nous partageons nos actualit\u00e9s et nos conseils autour de la t\u00e9l\u00e9alarme, de la s\u00e9curit\u00e9 \u00e0 domicile et de tout ce qui concerne l\u2019aide \u00e0 la personne.Notre mission : vous informer et vous accompagner pour vivre en toute s\u00e9r\u00e9nit\u00e9, o\u00f9 que vous soyez.L\u2019Association des proches-aidants valais [&hellip;]<\/p>\n","protected":false},"author":7,"featured_media":0,"parent":0,"menu_order":0,"comment_status":"closed","ping_status":"closed","template":"","meta":{"_et_pb_use_builder":"on","_et_pb_old_content":"","_et_gb_content_width":"","inline_featured_image":false,"footnotes":""},"class_list":["post-38540","page","type-page","status-publish","hentry"],"aioseo_notices":[],"_links":{"self":[{"href":"https:\/\/www.gentianes.ch\/de\/wp-json\/wp\/v2\/pages\/38540","targetHints":{"allow":["GET"]}}],"collection":[{"href":"https:\/\/www.gentianes.ch\/de\/wp-json\/wp\/v2\/pages"}],"about":[{"href":"https:\/\/www.gentianes.ch\/de\/wp-json\/wp\/v2\/types\/page"}],"author":[{"embeddable":true,"href":"https:\/\/www.gentianes.ch\/de\/wp-json\/wp\/v2\/users\/7"}],"replies":[{"embeddable":true,"href":"https:\/\/www.gentianes.ch\/de\/wp-json\/wp\/v2\/comments?post=38540"}],"version-history":[{"count":0,"href":"https:\/\/www.gentianes.ch\/de\/wp-json\/wp\/v2\/pages\/38540\/revisions"}],"wp:attachment":[{"href":"https:\/\/www.gentianes.ch\/de\/wp-json\/wp\/v2\/media?parent=38540"}],"curies":[{"name":"wp","href":"https:\/\/api.w.org\/{rel}","templated":true}]}}